{"id":17,"date":"2014-07-21T22:06:45","date_gmt":"2014-07-21T22:06:45","guid":{"rendered":"http:\/\/mdgmffhcm.wpengine.com\/?page_id=17"},"modified":"2023-12-18T16:20:12","modified_gmt":"2023-12-18T16:20:12","slug":"about-us","status":"publish","type":"page","link":"https:\/\/covermissouri.org\/es\/about-us\/","title":{"rendered":"Acerca de Cover Missouri"},"content":{"rendered":"<div class=\"wp-block-group has-global-padding is-layout-constrained wp-container-core-group-is-layout-f36bc466 wp-block-group-is-layout-constrained\"><h1 class=\"wp-block-post-title has-x-large-font-size\">Acerca de Cover Missouri<\/h1>\n\n\n<p>Se han reunido grupos de todo el estado en la Coalici\u00f3n Cover Missouri para garantizar que m\u00e1s habitantes de Missouri obtengan, conserven y usen su cobertura de salud. Los miembros trabajan para concienciar, facilitar la inscripci\u00f3n, aumentar los conocimientos acerca de los seguros de salud y apoyar la transformaci\u00f3n de Medicaid. Tambi\u00e9n comparten sus conocimientos y buenas pr\u00e1cticas, maximizan los recursos, identifican retos y oportunidades y elaboran planes integradores para aumentar la matriculaci\u00f3n.<\/p>\n\n\n\n<p>Cover Missouri es un proyecto de la <a href=\"https:\/\/mffh.org\" target=\"_blank\" rel=\"noreferrer noopener\">Fundaci\u00f3n de Missouri para la Salud<\/a> para la Salud para promover una cobertura de salud asequible y de calidad para todos los habitantes de Missouri. MFH convoca a la Coalici\u00f3n Cover Missouri y es una fundaci\u00f3n filantr\u00f3pica independiente dedicada a eliminar las causas subyacentes de las desigualdades sanitarias, transformar los sistemas y permitir que las personas y las comunidades prosperen.<\/p>\n\n\n\n<p><strong>\u00bfLe interesa suscribirse al bolet\u00edn de Cover Missouri? <a href=\"https:\/\/visitor.r20.constantcontact.com\/manage\/optin?v=001x-zcEZp58nQYE6tYkLqYkZ2QoYN7dru87UiwG24DIfYaWqqcnxIfWRW80FbB7JhiMQIem4j5k3xR2yeeQH_ZYHomvpWZkXPjKNj8DHeHPbQ%3D\" data-type=\"link\" data-id=\"https:\/\/visitor.r20.constantcontact.com\/manage\/optin?v=001x-zcEZp58nQYE6tYkLqYkZ2QoYN7dru87UiwG24DIfYaWqqcnxIfWRW80FbB7JhiMQIem4j5k3xR2yeeQH_ZYHomvpWZkXPjKNj8DHeHPbQ%3D\" target=\"_blank\" rel=\"noreferrer noopener\">Haga clic aqu\u00ed para suscribirse.<\/a><\/strong><\/p>\n\n\n\n<div class=\"wp-block-buttons is-layout-flex wp-block-buttons-is-layout-flex\"><\/div>\n<\/div>","protected":false},"excerpt":{"rendered":"<p>Groups from across the state are convening as the Cover Missouri Coalition in order to ensure that more Missourians get, keep, and use their health coverage. Members work to build awareness, facilitate enrollment, increase health insurance literacy, and support Medicaid transformation. They also share learnings and best practices, maximize resources, identify challenges and opportunities, and [&hellip;]<\/p>\n","protected":false},"author":13,"featured_media":0,"parent":0,"menu_order":0,"comment_status":"closed","ping_status":"closed","template":"","meta":{"_acf_changed":false,"footnotes":""},"class_list":["post-17","page","type-page","status-publish","hentry"],"acf":[],"yoast_head":"<!-- This site is optimized with the Yoast SEO plugin v27.4 - https:\/\/yoast.com\/product\/yoast-seo-wordpress\/ -->\n<title>About Cover Missouri - Cover Missouri<\/title>\n<meta name=\"robots\" content=\"index, follow, max-snippet:-1, max-image-preview:large, max-video-preview:-1\" \/>\n<link rel=\"canonical\" href=\"https:\/\/covermissouri.org\/es\/about-us\/\" \/>\n<meta property=\"og:locale\" content=\"es_MX\" \/>\n<meta property=\"og:type\" content=\"article\" \/>\n<meta property=\"og:title\" content=\"About Cover Missouri - Cover Missouri\" \/>\n<meta property=\"og:description\" content=\"Groups from across the state are convening as the Cover Missouri Coalition in order to ensure that more Missourians get, keep, and use their health coverage. Members work to build awareness, facilitate enrollment, increase health insurance literacy, and support Medicaid transformation. They also share learnings and best practices, maximize resources, identify challenges and opportunities, and [&hellip;]\" \/>\n<meta property=\"og:url\" content=\"https:\/\/covermissouri.org\/es\/about-us\/\" \/>\n<meta property=\"og:site_name\" content=\"Cover Missouri\" \/>\n<meta property=\"article:modified_time\" content=\"2023-12-18T16:20:12+00:00\" \/>\n<meta property=\"og:image\" content=\"https:\/\/covermissouri.org\/wp-content\/uploads\/2021\/09\/CoverMO_rura_family.jpg\" \/>\n\t<meta property=\"og:image:width\" content=\"2560\" \/>\n\t<meta property=\"og:image:height\" content=\"1301\" \/>\n\t<meta property=\"og:image:type\" content=\"image\/jpeg\" \/>\n<meta name=\"twitter:card\" content=\"summary_large_image\" \/>\n<meta name=\"twitter:label1\" content=\"Tiempo de lectura\" \/>\n\t<meta name=\"twitter:data1\" content=\"1 minuto\" \/>\n<script type=\"application\/ld+json\" class=\"yoast-schema-graph\">{\"@context\":\"https:\\\/\\\/schema.org\",\"@graph\":[{\"@type\":\"WebPage\",\"@id\":\"https:\\\/\\\/covermissouri.org\\\/about-us\\\/\",\"url\":\"https:\\\/\\\/covermissouri.org\\\/about-us\\\/\",\"name\":\"About Cover Missouri - Cover Missouri\",\"isPartOf\":{\"@id\":\"https:\\\/\\\/covermissouri.org\\\/#website\"},\"datePublished\":\"2014-07-21T22:06:45+00:00\",\"dateModified\":\"2023-12-18T16:20:12+00:00\",\"breadcrumb\":{\"@id\":\"https:\\\/\\\/covermissouri.org\\\/about-us\\\/#breadcrumb\"},\"inLanguage\":\"es\",\"potentialAction\":[{\"@type\":\"ReadAction\",\"target\":[\"https:\\\/\\\/covermissouri.org\\\/about-us\\\/\"]}]},{\"@type\":\"BreadcrumbList\",\"@id\":\"https:\\\/\\\/covermissouri.org\\\/about-us\\\/#breadcrumb\",\"itemListElement\":[{\"@type\":\"ListItem\",\"position\":1,\"name\":\"Home\",\"item\":\"https:\\\/\\\/covermissouri.org\\\/\"},{\"@type\":\"ListItem\",\"position\":2,\"name\":\"About Cover Missouri\"}]},{\"@type\":\"WebSite\",\"@id\":\"https:\\\/\\\/covermissouri.org\\\/#website\",\"url\":\"https:\\\/\\\/covermissouri.org\\\/\",\"name\":\"Cover Missouri\",\"description\":\"Cover Missouri helps Missourians get, keep, and use their health coverage.\",\"publisher\":{\"@id\":\"https:\\\/\\\/covermissouri.org\\\/#organization\"},\"potentialAction\":[{\"@type\":\"SearchAction\",\"target\":{\"@type\":\"EntryPoint\",\"urlTemplate\":\"https:\\\/\\\/covermissouri.org\\\/?s={search_term_string}\"},\"query-input\":{\"@type\":\"PropertyValueSpecification\",\"valueRequired\":true,\"valueName\":\"search_term_string\"}}],\"inLanguage\":\"es\"},{\"@type\":\"Organization\",\"@id\":\"https:\\\/\\\/covermissouri.org\\\/#organization\",\"name\":\"Cover Missouri\",\"url\":\"https:\\\/\\\/covermissouri.org\\\/\",\"logo\":{\"@type\":\"ImageObject\",\"inLanguage\":\"es\",\"@id\":\"https:\\\/\\\/covermissouri.org\\\/#\\\/schema\\\/logo\\\/image\\\/\",\"url\":\"https:\\\/\\\/covermissouri.org\\\/wp-content\\\/uploads\\\/2023\\\/11\\\/cover-missouri-logo.webp\",\"contentUrl\":\"https:\\\/\\\/covermissouri.org\\\/wp-content\\\/uploads\\\/2023\\\/11\\\/cover-missouri-logo.webp\",\"width\":147,\"height\":92,\"caption\":\"Cover Missouri\"},\"image\":{\"@id\":\"https:\\\/\\\/covermissouri.org\\\/#\\\/schema\\\/logo\\\/image\\\/\"}}]}<\/script>\n<!-- \/ Yoast SEO plugin. -->","yoast_head_json":{"title":"About Cover Missouri - Cover Missouri","robots":{"index":"index","follow":"follow","max-snippet":"max-snippet:-1","max-image-preview":"max-image-preview:large","max-video-preview":"max-video-preview:-1"},"canonical":"https:\/\/covermissouri.org\/es\/about-us\/","og_locale":"es_MX","og_type":"article","og_title":"About Cover Missouri - Cover Missouri","og_description":"Groups from across the state are convening as the Cover Missouri Coalition in order to ensure that more Missourians get, keep, and use their health coverage. Members work to build awareness, facilitate enrollment, increase health insurance literacy, and support Medicaid transformation. They also share learnings and best practices, maximize resources, identify challenges and opportunities, and [&hellip;]","og_url":"https:\/\/covermissouri.org\/es\/about-us\/","og_site_name":"Cover Missouri","article_modified_time":"2023-12-18T16:20:12+00:00","og_image":[{"width":2560,"height":1301,"url":"https:\/\/covermissouri.org\/wp-content\/uploads\/2021\/09\/CoverMO_rura_family.jpg","type":"image\/jpeg"}],"twitter_card":"summary_large_image","twitter_misc":{"Tiempo de lectura":"1 minuto"},"schema":{"@context":"https:\/\/schema.org","@graph":[{"@type":"WebPage","@id":"https:\/\/covermissouri.org\/about-us\/","url":"https:\/\/covermissouri.org\/about-us\/","name":"About Cover Missouri - Cover Missouri","isPartOf":{"@id":"https:\/\/covermissouri.org\/#website"},"datePublished":"2014-07-21T22:06:45+00:00","dateModified":"2023-12-18T16:20:12+00:00","breadcrumb":{"@id":"https:\/\/covermissouri.org\/about-us\/#breadcrumb"},"inLanguage":"es","potentialAction":[{"@type":"ReadAction","target":["https:\/\/covermissouri.org\/about-us\/"]}]},{"@type":"BreadcrumbList","@id":"https:\/\/covermissouri.org\/about-us\/#breadcrumb","itemListElement":[{"@type":"ListItem","position":1,"name":"Home","item":"https:\/\/covermissouri.org\/"},{"@type":"ListItem","position":2,"name":"About Cover Missouri"}]},{"@type":"WebSite","@id":"https:\/\/covermissouri.org\/#website","url":"https:\/\/covermissouri.org\/","name":"Cover Missouri","description":"Cover Missouri ayuda a los habitantes de Missouri a obtener, mantener y usar su cobertura sanitaria.","publisher":{"@id":"https:\/\/covermissouri.org\/#organization"},"potentialAction":[{"@type":"SearchAction","target":{"@type":"EntryPoint","urlTemplate":"https:\/\/covermissouri.org\/?s={search_term_string}"},"query-input":{"@type":"PropertyValueSpecification","valueRequired":true,"valueName":"search_term_string"}}],"inLanguage":"es"},{"@type":"Organization","@id":"https:\/\/covermissouri.org\/#organization","name":"Cover Missouri","url":"https:\/\/covermissouri.org\/","logo":{"@type":"ImageObject","inLanguage":"es","@id":"https:\/\/covermissouri.org\/#\/schema\/logo\/image\/","url":"https:\/\/covermissouri.org\/wp-content\/uploads\/2023\/11\/cover-missouri-logo.webp","contentUrl":"https:\/\/covermissouri.org\/wp-content\/uploads\/2023\/11\/cover-missouri-logo.webp","width":147,"height":92,"caption":"Cover Missouri"},"image":{"@id":"https:\/\/covermissouri.org\/#\/schema\/logo\/image\/"}}]}},"jetpack_sharing_enabled":true,"_links":{"self":[{"href":"https:\/\/covermissouri.org\/es\/wp-json\/wp\/v2\/pages\/17","targetHints":{"allow":["GET"]}}],"collection":[{"href":"https:\/\/covermissouri.org\/es\/wp-json\/wp\/v2\/pages"}],"about":[{"href":"https:\/\/covermissouri.org\/es\/wp-json\/wp\/v2\/types\/page"}],"author":[{"embeddable":true,"href":"https:\/\/covermissouri.org\/es\/wp-json\/wp\/v2\/users\/13"}],"replies":[{"embeddable":true,"href":"https:\/\/covermissouri.org\/es\/wp-json\/wp\/v2\/comments?post=17"}],"version-history":[{"count":0,"href":"https:\/\/covermissouri.org\/es\/wp-json\/wp\/v2\/pages\/17\/revisions"}],"wp:attachment":[{"href":"https:\/\/covermissouri.org\/es\/wp-json\/wp\/v2\/media?parent=17"}],"curies":[{"name":"wp","href":"https:\/\/api.w.org\/{rel}","templated":true}]}}