{"id":5384,"date":"2023-11-20T01:03:05","date_gmt":"2023-11-20T01:03:05","guid":{"rendered":"https:\/\/covermissouri.org\/?page_id=5384"},"modified":"2023-11-28T06:40:57","modified_gmt":"2023-11-28T06:40:57","slug":"terms-of-use","status":"publish","type":"page","link":"https:\/\/covermissouri.org\/es\/terms-of-use\/","title":{"rendered":"Condiciones de uso"},"content":{"rendered":"<h1 class=\"wp-block-post-title has-x-large-font-size\">Condiciones de uso<\/h1>\n\n\n<p>Fundaci\u00f3n de Missouri para la Salud, Cover Missouri, y\/o el \"Patrocinador del sitio\" proporciona informaci\u00f3n y servicios en este sitio web como un beneficio para nuestros usuarios. La informaci\u00f3n y los servicios de este sitio se facilitan \u00fanicamente con fines educativos y de provisi\u00f3n de recursos. Ni el patrocinador del sitio ni sus colaboradores de informaci\u00f3n hacen ninguna declaraci\u00f3n o garant\u00eda expresa o impl\u00edcita acerca de la integridad o exactitud de esta informaci\u00f3n y estos servicios con cualquier prop\u00f3sito, o la aplicabilidad de esta informaci\u00f3n o estos servicios para cualquier uso en particular.<\/p>\n\n\n\n<p>Este sitio web puede incluir \"enlaces\" que proporcionan acceso directo a otros sitios web. Sin embargo, el patrocinador del sitio no asume responsabilidad alguna por el contenido o la informaci\u00f3n de esos otros sitios, ni ejerce control editorial alguno, de supervisi\u00f3n o de otro tipo sobre ellos y, por lo tanto, no asume responsabilidad alguna por esos sitios o por su contenido. El patrocinador del sitio se reserva el derecho a eliminar cualquier enlace de este sitio por cualquier motivo o sin \u00e9l. La existencia de un enlace determinado tiene por \u00fanico objeto dar a entender el inter\u00e9s potencial que tiene para los usuarios de este sitio.  Recuerde que cuando use un enlace para ir desde nuestro sitio web hasta otro, nuestra pol\u00edtica de privacidad dejar\u00e1 de estar en vigor. Su navegaci\u00f3n e interacci\u00f3n en cualquier otro sitio web, incluyendo los sitios web que tienen un enlace en nuestro sitio web, est\u00e1 sujeta a las normas y pol\u00edticas propias de ese sitio web. Por favor, lea estas normas y pol\u00edticas antes de continuar.<\/p>\n\n\n\n<p>Ciertas \u00e1reas del sitio pueden permitir que se env\u00ede informaci\u00f3n personal de los usuarios. Los usuarios que env\u00eden informaci\u00f3n a este sitio le otorgan al patrocinador del sitio la autoridad y el derecho de usar cualquier env\u00edo de cualquier forma, y mediante dichos env\u00edos, garantizan y declaran al patrocinador del sitio que dichos env\u00edos no infringen las leyes de los derechos de autor de los Estados Unidos ni de otras leyes. Adem\u00e1s, el patrocinador del sitio se reserva el derecho de revisar, editar o eliminar cualquier informaci\u00f3n (incluyendo, entre otras, aquellas que parezcan inapropiadas para los fines previstos de este sitio). Nota: Cualquier informaci\u00f3n que usted incluya en su env\u00edo estar\u00e1 a disposici\u00f3n del patrocinador del sitio, incluyendo sin limitaci\u00f3n, informaci\u00f3n personal, de salud y demogr\u00e1fica.<\/p>\n\n\n\n<p>Todas las im\u00e1genes, textos y otros materiales publicados en este sitio est\u00e1n sujetos a derechos de autor propiedad del patrocinador del sitio o de otras personas o entidades y est\u00e1n protegidos por las leyes de derechos de autor de Estados Unidos. Queda expresamente prohibida la reproducci\u00f3n, retransmisi\u00f3n, distribuci\u00f3n o republicaci\u00f3n total o parcial de las im\u00e1genes, programas de texto y otros materiales que se encuentren en este sitio, a menos que el patrocinador del sitio o el propietario de los derechos de autor del material haya concedido expresamente su consentimiento previo por escrito. Todos los dem\u00e1s derechos reservados. Este sitio se mantiene de conformidad con la legislaci\u00f3n estadounidense acerca de los derechos de autor. Como consecuencia, los usuarios no deben enviar o publicar material protegido por derechos de autor en este sitio, a menos que el propietario de los derechos de autor del material haya concedido expresamente su consentimiento previo por escrito para dicho env\u00edo.<\/p>\n\n\n\n<p>Todas las marcas comerciales, marcas de servicios y logotipos a los cuales se hace referencia o que aparecen en este sitio son propiedad de sus respectivos due\u00f1os. Los nombres, marcas comerciales, marcas de servicios y logotipos del patrocinador del sitio que aparecen en este sitio no pueden usarse en anuncio o publicidad alguna, o de cualquier otra forma para indicar el patrocinio o afiliaci\u00f3n con cualquier producto o servicio, sin el previo permiso expreso por escrito del patrocinador del sitio correspondiente.<\/p>","protected":false},"excerpt":{"rendered":"<p>Missouri Foundation for Health, Cover Missouri, and\/or the \u201cSite Sponsor\u201d is providing information and services on this website as a benefit to our users. The information and services on this site are provided solely for educational and resource provision purposes. Neither the Site Sponsor nor its information contributors make any express or implied representations or [&hellip;]<\/p>\n","protected":false},"author":13,"featured_media":0,"parent":0,"menu_order":0,"comment_status":"closed","ping_status":"closed","template":"","meta":{"_acf_changed":false,"footnotes":""},"class_list":["post-5384","page","type-page","status-publish","hentry"],"acf":[],"yoast_head":"<!-- This site is optimized with the Yoast SEO plugin v27.5 - https:\/\/yoast.com\/product\/yoast-seo-wordpress\/ -->\n<title>Terms of Use - Cover Missouri<\/title>\n<meta name=\"robots\" content=\"index, follow, max-snippet:-1, max-image-preview:large, max-video-preview:-1\" \/>\n<link rel=\"canonical\" href=\"https:\/\/covermissouri.org\/es\/terms-of-use\/\" \/>\n<meta property=\"og:locale\" content=\"es_MX\" \/>\n<meta property=\"og:type\" content=\"article\" \/>\n<meta property=\"og:title\" content=\"Terms of Use - Cover Missouri\" \/>\n<meta property=\"og:description\" content=\"Missouri Foundation for Health, Cover Missouri, and\/or the \u201cSite Sponsor\u201d is providing information and services on this website as a benefit to our users. The information and services on this site are provided solely for educational and resource provision purposes. Neither the Site Sponsor nor its information contributors make any express or implied representations or [&hellip;]\" \/>\n<meta property=\"og:url\" content=\"https:\/\/covermissouri.org\/es\/terms-of-use\/\" \/>\n<meta property=\"og:site_name\" content=\"Cover Missouri\" \/>\n<meta property=\"article:modified_time\" content=\"2023-11-28T06:40:57+00:00\" \/>\n<meta property=\"og:image\" content=\"https:\/\/covermissouri.org\/wp-content\/uploads\/2021\/09\/CoverMO_rura_family.jpg\" \/>\n\t<meta property=\"og:image:width\" content=\"2560\" \/>\n\t<meta property=\"og:image:height\" content=\"1301\" \/>\n\t<meta property=\"og:image:type\" content=\"image\/jpeg\" \/>\n<meta name=\"twitter:card\" content=\"summary_large_image\" \/>\n<meta name=\"twitter:label1\" content=\"Tiempo de lectura\" \/>\n\t<meta name=\"twitter:data1\" content=\"3 minutos\" \/>\n<script type=\"application\/ld+json\" class=\"yoast-schema-graph\">{\"@context\":\"https:\\\/\\\/schema.org\",\"@graph\":[{\"@type\":\"WebPage\",\"@id\":\"https:\\\/\\\/covermissouri.org\\\/terms-of-use\\\/\",\"url\":\"https:\\\/\\\/covermissouri.org\\\/terms-of-use\\\/\",\"name\":\"Terms of Use - Cover Missouri\",\"isPartOf\":{\"@id\":\"https:\\\/\\\/covermissouri.org\\\/#website\"},\"datePublished\":\"2023-11-20T01:03:05+00:00\",\"dateModified\":\"2023-11-28T06:40:57+00:00\",\"breadcrumb\":{\"@id\":\"https:\\\/\\\/covermissouri.org\\\/terms-of-use\\\/#breadcrumb\"},\"inLanguage\":\"es\",\"potentialAction\":[{\"@type\":\"ReadAction\",\"target\":[\"https:\\\/\\\/covermissouri.org\\\/terms-of-use\\\/\"]}]},{\"@type\":\"BreadcrumbList\",\"@id\":\"https:\\\/\\\/covermissouri.org\\\/terms-of-use\\\/#breadcrumb\",\"itemListElement\":[{\"@type\":\"ListItem\",\"position\":1,\"name\":\"Home\",\"item\":\"https:\\\/\\\/covermissouri.org\\\/\"},{\"@type\":\"ListItem\",\"position\":2,\"name\":\"Terms of Use\"}]},{\"@type\":\"WebSite\",\"@id\":\"https:\\\/\\\/covermissouri.org\\\/#website\",\"url\":\"https:\\\/\\\/covermissouri.org\\\/\",\"name\":\"Cover Missouri\",\"description\":\"Cover Missouri helps Missourians get, keep, and use their health coverage.\",\"publisher\":{\"@id\":\"https:\\\/\\\/covermissouri.org\\\/#organization\"},\"potentialAction\":[{\"@type\":\"SearchAction\",\"target\":{\"@type\":\"EntryPoint\",\"urlTemplate\":\"https:\\\/\\\/covermissouri.org\\\/?s={search_term_string}\"},\"query-input\":{\"@type\":\"PropertyValueSpecification\",\"valueRequired\":true,\"valueName\":\"search_term_string\"}}],\"inLanguage\":\"es\"},{\"@type\":\"Organization\",\"@id\":\"https:\\\/\\\/covermissouri.org\\\/#organization\",\"name\":\"Cover Missouri\",\"url\":\"https:\\\/\\\/covermissouri.org\\\/\",\"logo\":{\"@type\":\"ImageObject\",\"inLanguage\":\"es\",\"@id\":\"https:\\\/\\\/covermissouri.org\\\/#\\\/schema\\\/logo\\\/image\\\/\",\"url\":\"https:\\\/\\\/covermissouri.org\\\/wp-content\\\/uploads\\\/2023\\\/11\\\/cover-missouri-logo.webp\",\"contentUrl\":\"https:\\\/\\\/covermissouri.org\\\/wp-content\\\/uploads\\\/2023\\\/11\\\/cover-missouri-logo.webp\",\"width\":147,\"height\":92,\"caption\":\"Cover Missouri\"},\"image\":{\"@id\":\"https:\\\/\\\/covermissouri.org\\\/#\\\/schema\\\/logo\\\/image\\\/\"}}]}<\/script>\n<!-- \/ Yoast SEO plugin. -->","yoast_head_json":{"title":"Terms of Use - Cover Missouri","robots":{"index":"index","follow":"follow","max-snippet":"max-snippet:-1","max-image-preview":"max-image-preview:large","max-video-preview":"max-video-preview:-1"},"canonical":"https:\/\/covermissouri.org\/es\/terms-of-use\/","og_locale":"es_MX","og_type":"article","og_title":"Terms of Use - Cover Missouri","og_description":"Missouri Foundation for Health, Cover Missouri, and\/or the \u201cSite Sponsor\u201d is providing information and services on this website as a benefit to our users. The information and services on this site are provided solely for educational and resource provision purposes. Neither the Site Sponsor nor its information contributors make any express or implied representations or [&hellip;]","og_url":"https:\/\/covermissouri.org\/es\/terms-of-use\/","og_site_name":"Cover Missouri","article_modified_time":"2023-11-28T06:40:57+00:00","og_image":[{"width":2560,"height":1301,"url":"https:\/\/covermissouri.org\/wp-content\/uploads\/2021\/09\/CoverMO_rura_family.jpg","type":"image\/jpeg"}],"twitter_card":"summary_large_image","twitter_misc":{"Tiempo de lectura":"3 minutos"},"schema":{"@context":"https:\/\/schema.org","@graph":[{"@type":"WebPage","@id":"https:\/\/covermissouri.org\/terms-of-use\/","url":"https:\/\/covermissouri.org\/terms-of-use\/","name":"Terms of Use - Cover Missouri","isPartOf":{"@id":"https:\/\/covermissouri.org\/#website"},"datePublished":"2023-11-20T01:03:05+00:00","dateModified":"2023-11-28T06:40:57+00:00","breadcrumb":{"@id":"https:\/\/covermissouri.org\/terms-of-use\/#breadcrumb"},"inLanguage":"es","potentialAction":[{"@type":"ReadAction","target":["https:\/\/covermissouri.org\/terms-of-use\/"]}]},{"@type":"BreadcrumbList","@id":"https:\/\/covermissouri.org\/terms-of-use\/#breadcrumb","itemListElement":[{"@type":"ListItem","position":1,"name":"Home","item":"https:\/\/covermissouri.org\/"},{"@type":"ListItem","position":2,"name":"Terms of Use"}]},{"@type":"WebSite","@id":"https:\/\/covermissouri.org\/#website","url":"https:\/\/covermissouri.org\/","name":"Cover Missouri","description":"Cover Missouri ayuda a los habitantes de Missouri a obtener, mantener y usar su cobertura sanitaria.","publisher":{"@id":"https:\/\/covermissouri.org\/#organization"},"potentialAction":[{"@type":"SearchAction","target":{"@type":"EntryPoint","urlTemplate":"https:\/\/covermissouri.org\/?s={search_term_string}"},"query-input":{"@type":"PropertyValueSpecification","valueRequired":true,"valueName":"search_term_string"}}],"inLanguage":"es"},{"@type":"Organization","@id":"https:\/\/covermissouri.org\/#organization","name":"Cover Missouri","url":"https:\/\/covermissouri.org\/","logo":{"@type":"ImageObject","inLanguage":"es","@id":"https:\/\/covermissouri.org\/#\/schema\/logo\/image\/","url":"https:\/\/covermissouri.org\/wp-content\/uploads\/2023\/11\/cover-missouri-logo.webp","contentUrl":"https:\/\/covermissouri.org\/wp-content\/uploads\/2023\/11\/cover-missouri-logo.webp","width":147,"height":92,"caption":"Cover Missouri"},"image":{"@id":"https:\/\/covermissouri.org\/#\/schema\/logo\/image\/"}}]}},"jetpack_sharing_enabled":true,"_links":{"self":[{"href":"https:\/\/covermissouri.org\/es\/wp-json\/wp\/v2\/pages\/5384","targetHints":{"allow":["GET"]}}],"collection":[{"href":"https:\/\/covermissouri.org\/es\/wp-json\/wp\/v2\/pages"}],"about":[{"href":"https:\/\/covermissouri.org\/es\/wp-json\/wp\/v2\/types\/page"}],"author":[{"embeddable":true,"href":"https:\/\/covermissouri.org\/es\/wp-json\/wp\/v2\/users\/13"}],"replies":[{"embeddable":true,"href":"https:\/\/covermissouri.org\/es\/wp-json\/wp\/v2\/comments?post=5384"}],"version-history":[{"count":0,"href":"https:\/\/covermissouri.org\/es\/wp-json\/wp\/v2\/pages\/5384\/revisions"}],"wp:attachment":[{"href":"https:\/\/covermissouri.org\/es\/wp-json\/wp\/v2\/media?parent=5384"}],"curies":[{"name":"wp","href":"https:\/\/api.w.org\/{rel}","templated":true}]}}