{"id":5386,"date":"2023-11-20T01:03:59","date_gmt":"2023-11-20T01:03:59","guid":{"rendered":"https:\/\/covermissouri.org\/?page_id=5386"},"modified":"2024-01-18T15:59:01","modified_gmt":"2024-01-18T21:59:01","slug":"privacy-policy","status":"publish","type":"page","link":"https:\/\/covermissouri.org\/es\/privacy-policy\/","title":{"rendered":"Pol\u00edtica de privacidad"},"content":{"rendered":"<h1 class=\"wp-block-post-title has-x-large-font-size\">Pol\u00edtica de privacidad<\/h1>\n\n\n<p>Fundaci\u00f3n de Missouri para la Salud y Cover Missouri han creado esta pol\u00edtica de privacidad para demostrarle nuestro compromiso con su privacidad.  Esta declaraci\u00f3n explica nuestras pr\u00e1cticas de recogida y difusi\u00f3n de la informaci\u00f3n para este sitio web.<\/p>\n\n\n\n<ol class=\"wp-block-list\" start=\"1\">\n<li><strong><strong>Collection of Personal Information<\/strong><\/strong><\/li>\n<\/ol>\n\n\n\n<p>Fundaci\u00f3n de Missouri para la Salud y Cover Missouri no le exigen al usuario que facilite informaci\u00f3n personal al acceder a este sitio web. Sin embargo, si decide enviar su historia personal con informaci\u00f3n de contacto, acepta que su historia se pueda compartir con el p\u00fablico en general. Un representante de Missouri Foundation for Health o Cover Missouri puede llamarlo para solicitarle informaci\u00f3n adicional, aclaraciones o permiso para compartir sus datos de contacto con otras personas.<\/p>\n\n\n\n<p>La primera visita que realice al sitio web de la Fundaci\u00f3n de Missouri para la Salud Cover Missouri colocar\u00e1 una \"cookie\" en su computadora. Una cookie es un peque\u00f1o archivo que contiene una cadena de caracteres que identifica de forma exclusiva su navegador. La cookie le permitir\u00e1 ver o no los art\u00edculos en sus visitas posteriores. Esta tecnolog\u00eda no pretende identificarle ante nosotros de manera alguna; sin embargo, puede usarse para presentarle anuncios basados en su visita a nuestro sitio. <a href=\"https:\/\/tools.google.com\/dlpage\/gaoptout\/\" target=\"_blank\" rel=\"noreferrer noopener\">Haga clic aqu\u00ed<\/a> para obtener mayor informaci\u00f3n acerca de c\u00f3mo inhabilitar la recopilaci\u00f3n de datos por parte de Google Analytics, o <a href=\"https:\/\/myadcenter.google.com\/home?sasb=true&amp;ref=ad-settings\" target=\"_blank\" rel=\"noreferrer noopener\">haga clic aqu\u00ed<\/a> aqu\u00ed para personalizar la configuraci\u00f3n de los anuncios de la red de visualizaci\u00f3n de Google para su navegador.<\/p>\n\n\n\n<ol class=\"wp-block-list\" start=\"2\">\n<li><strong>C\u00f3mo usamos su informaci\u00f3n<\/strong><\/li>\n<\/ol>\n\n\n\n<p>La informaci\u00f3n que recopilan la Fundaci\u00f3n de Missouri para la Salud y Cover Missouri se usa para comprender mejor sus necesidades e intereses, y nos permite ofrecerle una experiencia m\u00e1s coherente y personalizada. Por ejemplo, podemos usar su informaci\u00f3n para comunicarle acerca de nuestros servicios, prestarle servicio y asistencia, ponerle al d\u00eda sobre los nuevos servicios y ventajas, o llamarlo para realizar estudios de mercado. Su informaci\u00f3n puede agregarse a la de otros usuarios de forma no identificable para comprender c\u00f3mo se usan nuestros servicios y ayudar a mejorarlos.<\/p>\n\n\n\n<ol class=\"wp-block-list\" start=\"3\">\n<li><strong>Pol\u00edtica referente a compartir informaci\u00f3n<\/strong><\/li>\n<\/ol>\n\n\n\n<p>Missouri Fundaci\u00f3n para la Salud y Cover Missouri no le vender\u00e1n, alquilar\u00e1n ni ceder\u00e1n su informaci\u00f3n personal a terceros. Podemos compartir su informaci\u00f3n personal con empresas que trabajan en nuestro nombre. Sin embargo, en cualquiera de estos casos, exigimos que las empresas se adhieran a las normas y pol\u00edticas de privacidad al menos de forma tan restrictiva como las que Fundaci\u00f3n de Missouri para la Salud y Cover Missouri tienen en vigor. Le rogamos que no nos facilite informaci\u00f3n personal confidencial por v\u00eda electr\u00f3nica. Si lo hace, es bajo su propia responsabilidad. Aunque intentamos mantener nuestra red inform\u00e1tica de forma segura para proteger el contenido de sus mensajes, no podemos ofrecer garant\u00edas absolutas acerca de que el contenido de su correo electr\u00f3nico no sea accesible para personas o entidades que no est\u00e9n autorizadas a acceder a su informaci\u00f3n.<\/p>\n\n\n\n<p>Tambi\u00e9n podemos usar su informaci\u00f3n si creemos de buena fe que el acceso, uso, conservaci\u00f3n o divulgaci\u00f3n de su informaci\u00f3n es razonablemente necesario para: (a) cumplir con cualquier ley, reglamento, proceso legal o solicitud gubernamental leg\u00edtima aplicable, (b) detectar, prevenir o abordar de otro modo sospechas de fraude, seguridad o problemas t\u00e9cnicos, (c) hacer cumplir las condiciones de uso aplicables, incluyendo la investigaci\u00f3n de posibles infracciones de las mismas, o (d) proteger contra da\u00f1os inminentes los derechos, la propiedad o la seguridad de Fundaci\u00f3n de Missouri para la Salud y Cover Missouri, nuestros usuarios o el p\u00fablico en general, seg\u00fan lo requiera o permita la ley.<\/p>\n\n\n\n<ol class=\"wp-block-list\" start=\"4\">\n<li><strong>Sitios cubiertos por esta pol\u00edtica de privacidad<\/strong><\/li>\n<\/ol>\n\n\n\n<p>El sitio web de Fundaci\u00f3n de Missouri para la Salud Cover Missouri (covermissouri.org) puede enlazarse ocasionalmente con sitios web de terceros para su comodidad y para facilitarle el acceso a informaci\u00f3n adicional \u00fatil. Si selecciona un enlace de este tipo, abandonar\u00e1 el sitio web de la Fundaci\u00f3n de Missouri para la Salud Cover Missouri. Fundaci\u00f3n de Missouri para la Salud y Cover Missouri no controlan esos sitios ni sus pr\u00e1cticas de privacidad, las cuales pueden diferir de las pr\u00e1cticas y pol\u00edticas de Fundaci\u00f3n de Missouri para la Salud y Cover Missouri. Cualquier dato personal que decida proporcionarles a dichos terceros o que recopilen ellos no est\u00e1 cubierto en modo alguno por la Pol\u00edtica de privacidad de la Fundaci\u00f3n de Missouri para la Salud y Cover Missouri. Le recomendamos que lea la pol\u00edtica de privacidad de dichos sitios web antes de facilitar su informaci\u00f3n personal. Si hay un enlace a otro sitio web desde Fundaci\u00f3n de Missouri para la Salud, este no constituye una aprobaci\u00f3n o representaci\u00f3n acerca del valor, la calidad o la utilidad de cualquier cosa que se encuentre en ese sitio web de terceros.<\/p>\n\n\n\n<ol class=\"wp-block-list\" start=\"5\">\n<li><strong>Acceso a su informaci\u00f3n y exactitud de la misma<\/strong><\/li>\n<\/ol>\n\n\n\n<p>Fundaci\u00f3n de Missouri para la Salud y Cover Missouri se esfuerzan por mantener sus datos personales exactos y actualizados. Para ello usamos diversas tecnolog\u00edas, procesos de gesti\u00f3n y pol\u00edticas. Como parte de nuestra iniciativa general de exactitud de datos, Fundaci\u00f3n de Missouri para la Salud y Cover Missouri le proporcionan un acceso razonable a su informaci\u00f3n personal para que usted pueda revisarla y corregirla de ser necesario. Para salvaguardar su privacidad y seguridad, verificaremos su identidad por diversos medios, tales como exigirle una contrase\u00f1a y un identificador de usuario, antes de concederle el acceso a sus datos. Le rogamos que actualice sus datos a medida que cambien para que la informaci\u00f3n usada para atenderle sea lo m\u00e1s exacta posible.<\/p>\n\n\n\n<ol class=\"wp-block-list\" start=\"6\">\n<li><strong>Mantener su informaci\u00f3n segura<\/strong><\/li>\n<\/ol>\n\n\n\n<p>Fundaci\u00f3n de Missouri para la Salud y Cover Missouri valoran su confianza y la toman en serio. Para evitar el acceso y la divulgaci\u00f3n no autorizados, mantener la exactitud de los datos y garantizar el uso adecuado de su informaci\u00f3n, Fundaci\u00f3n de Missouri para la Salud y Cover Missouri usan procedimientos f\u00edsicos, t\u00e9cnicos y administrativos est\u00e1ndar del sector para salvaguardar cualquier informaci\u00f3n personal que recopilemos.<\/p>\n\n\n\n<ol class=\"wp-block-list\" start=\"7\">\n<li><strong>Cambios a esta pol\u00edtica<\/strong><\/li>\n<\/ol>\n\n\n\n<p>El mundo de la tecnolog\u00eda cambia r\u00e1pidamente. En caso de que en el futuro se produzcan cambios en nuestra pol\u00edtica de privacidad, los publicaremos en covermissouri.org.<\/p>\n\n\n\n<ol class=\"wp-block-list\" start=\"8\">\n<li><strong>Cont\u00e1ctenos<\/strong><\/li>\n<\/ol>\n\n\n\n<p>Agradecemos sus opiniones y sugerencias. Si tiene alguna pregunta o duda, env\u00edenos un correo electr\u00f3nico a&nbsp;<a href=\"mailto:info@mffh.org\">info@mffh.org<\/a>, o escr\u00edbanos a la siguiente direcci\u00f3n:<br>4254 Vista Avenue<br>St. Louis, MO 63110<\/p>","protected":false},"excerpt":{"rendered":"<p>Missouri Foundation for Health and Cover Missouri have created this Privacy Policy to demonstrate our commitment to your privacy. &nbsp;This statement explains our information-gathering and dissemination practices for this website. Missouri Foundation for Health and Cover Missouri do not require a user to submit personal information when accessing this website. However, if you decide to [&hellip;]<\/p>\n","protected":false},"author":13,"featured_media":0,"parent":0,"menu_order":0,"comment_status":"closed","ping_status":"closed","template":"","meta":{"_acf_changed":false,"footnotes":""},"class_list":["post-5386","page","type-page","status-publish","hentry"],"acf":[],"yoast_head":"<!-- This site is optimized with the Yoast SEO plugin v27.3 - https:\/\/yoast.com\/product\/yoast-seo-wordpress\/ -->\n<title>Privacy Policy - Cover Missouri<\/title>\n<meta name=\"robots\" content=\"index, follow, max-snippet:-1, max-image-preview:large, max-video-preview:-1\" \/>\n<link rel=\"canonical\" href=\"https:\/\/covermissouri.org\/es\/privacy-policy\/\" \/>\n<meta property=\"og:locale\" content=\"es_MX\" \/>\n<meta property=\"og:type\" content=\"article\" \/>\n<meta property=\"og:title\" content=\"Privacy Policy - Cover Missouri\" \/>\n<meta property=\"og:description\" content=\"Missouri Foundation for Health and Cover Missouri have created this Privacy Policy to demonstrate our commitment to your privacy. &nbsp;This statement explains our information-gathering and dissemination practices for this website. Missouri Foundation for Health and Cover Missouri do not require a user to submit personal information when accessing this website. However, if you decide to [&hellip;]\" \/>\n<meta property=\"og:url\" content=\"https:\/\/covermissouri.org\/es\/privacy-policy\/\" \/>\n<meta property=\"og:site_name\" content=\"Cover Missouri\" \/>\n<meta property=\"article:modified_time\" content=\"2024-01-18T21:59:01+00:00\" \/>\n<meta property=\"og:image\" content=\"https:\/\/covermissouri.org\/wp-content\/uploads\/2021\/09\/CoverMO_rura_family.jpg\" \/>\n\t<meta property=\"og:image:width\" content=\"2560\" \/>\n\t<meta property=\"og:image:height\" content=\"1301\" \/>\n\t<meta property=\"og:image:type\" content=\"image\/jpeg\" \/>\n<meta name=\"twitter:card\" content=\"summary_large_image\" \/>\n<meta name=\"twitter:label1\" content=\"Tiempo de lectura\" \/>\n\t<meta name=\"twitter:data1\" content=\"5 minutos\" \/>\n<script type=\"application\/ld+json\" class=\"yoast-schema-graph\">{\"@context\":\"https:\\\/\\\/schema.org\",\"@graph\":[{\"@type\":\"WebPage\",\"@id\":\"https:\\\/\\\/covermissouri.org\\\/es\\\/privacy-policy\\\/\",\"url\":\"https:\\\/\\\/covermissouri.org\\\/es\\\/privacy-policy\\\/\",\"name\":\"Privacy Policy - Cover Missouri\",\"isPartOf\":{\"@id\":\"https:\\\/\\\/covermissouri.org\\\/#website\"},\"datePublished\":\"2023-11-20T01:03:59+00:00\",\"dateModified\":\"2024-01-18T21:59:01+00:00\",\"breadcrumb\":{\"@id\":\"https:\\\/\\\/covermissouri.org\\\/es\\\/privacy-policy\\\/#breadcrumb\"},\"inLanguage\":\"es\",\"potentialAction\":[{\"@type\":\"ReadAction\",\"target\":[\"https:\\\/\\\/covermissouri.org\\\/es\\\/privacy-policy\\\/\"]}]},{\"@type\":\"BreadcrumbList\",\"@id\":\"https:\\\/\\\/covermissouri.org\\\/es\\\/privacy-policy\\\/#breadcrumb\",\"itemListElement\":[{\"@type\":\"ListItem\",\"position\":1,\"name\":\"Home\",\"item\":\"https:\\\/\\\/covermissouri.org\\\/\"},{\"@type\":\"ListItem\",\"position\":2,\"name\":\"Privacy Policy\"}]},{\"@type\":\"WebSite\",\"@id\":\"https:\\\/\\\/covermissouri.org\\\/#website\",\"url\":\"https:\\\/\\\/covermissouri.org\\\/\",\"name\":\"Cover Missouri\",\"description\":\"Cover Missouri helps Missourians get, keep, and use their health coverage.\",\"publisher\":{\"@id\":\"https:\\\/\\\/covermissouri.org\\\/#organization\"},\"potentialAction\":[{\"@type\":\"SearchAction\",\"target\":{\"@type\":\"EntryPoint\",\"urlTemplate\":\"https:\\\/\\\/covermissouri.org\\\/?s={search_term_string}\"},\"query-input\":{\"@type\":\"PropertyValueSpecification\",\"valueRequired\":true,\"valueName\":\"search_term_string\"}}],\"inLanguage\":\"es\"},{\"@type\":\"Organization\",\"@id\":\"https:\\\/\\\/covermissouri.org\\\/#organization\",\"name\":\"Cover Missouri\",\"url\":\"https:\\\/\\\/covermissouri.org\\\/\",\"logo\":{\"@type\":\"ImageObject\",\"inLanguage\":\"es\",\"@id\":\"https:\\\/\\\/covermissouri.org\\\/#\\\/schema\\\/logo\\\/image\\\/\",\"url\":\"https:\\\/\\\/covermissouri.org\\\/wp-content\\\/uploads\\\/2023\\\/11\\\/cover-missouri-logo.webp\",\"contentUrl\":\"https:\\\/\\\/covermissouri.org\\\/wp-content\\\/uploads\\\/2023\\\/11\\\/cover-missouri-logo.webp\",\"width\":147,\"height\":92,\"caption\":\"Cover Missouri\"},\"image\":{\"@id\":\"https:\\\/\\\/covermissouri.org\\\/#\\\/schema\\\/logo\\\/image\\\/\"}}]}<\/script>\n<!-- \/ Yoast SEO plugin. -->","yoast_head_json":{"title":"Privacy Policy - Cover Missouri","robots":{"index":"index","follow":"follow","max-snippet":"max-snippet:-1","max-image-preview":"max-image-preview:large","max-video-preview":"max-video-preview:-1"},"canonical":"https:\/\/covermissouri.org\/es\/privacy-policy\/","og_locale":"es_MX","og_type":"article","og_title":"Privacy Policy - Cover Missouri","og_description":"Missouri Foundation for Health and Cover Missouri have created this Privacy Policy to demonstrate our commitment to your privacy. &nbsp;This statement explains our information-gathering and dissemination practices for this website. Missouri Foundation for Health and Cover Missouri do not require a user to submit personal information when accessing this website. However, if you decide to [&hellip;]","og_url":"https:\/\/covermissouri.org\/es\/privacy-policy\/","og_site_name":"Cover Missouri","article_modified_time":"2024-01-18T21:59:01+00:00","og_image":[{"width":2560,"height":1301,"url":"https:\/\/covermissouri.org\/wp-content\/uploads\/2021\/09\/CoverMO_rura_family.jpg","type":"image\/jpeg"}],"twitter_card":"summary_large_image","twitter_misc":{"Tiempo de lectura":"5 minutos"},"schema":{"@context":"https:\/\/schema.org","@graph":[{"@type":"WebPage","@id":"https:\/\/covermissouri.org\/es\/privacy-policy\/","url":"https:\/\/covermissouri.org\/es\/privacy-policy\/","name":"Privacy Policy - Cover Missouri","isPartOf":{"@id":"https:\/\/covermissouri.org\/#website"},"datePublished":"2023-11-20T01:03:59+00:00","dateModified":"2024-01-18T21:59:01+00:00","breadcrumb":{"@id":"https:\/\/covermissouri.org\/es\/privacy-policy\/#breadcrumb"},"inLanguage":"es","potentialAction":[{"@type":"ReadAction","target":["https:\/\/covermissouri.org\/es\/privacy-policy\/"]}]},{"@type":"BreadcrumbList","@id":"https:\/\/covermissouri.org\/es\/privacy-policy\/#breadcrumb","itemListElement":[{"@type":"ListItem","position":1,"name":"Home","item":"https:\/\/covermissouri.org\/"},{"@type":"ListItem","position":2,"name":"Privacy Policy"}]},{"@type":"WebSite","@id":"https:\/\/covermissouri.org\/#website","url":"https:\/\/covermissouri.org\/","name":"Cover Missouri","description":"Cover Missouri ayuda a los habitantes de Missouri a obtener, mantener y usar su cobertura sanitaria.","publisher":{"@id":"https:\/\/covermissouri.org\/#organization"},"potentialAction":[{"@type":"SearchAction","target":{"@type":"EntryPoint","urlTemplate":"https:\/\/covermissouri.org\/?s={search_term_string}"},"query-input":{"@type":"PropertyValueSpecification","valueRequired":true,"valueName":"search_term_string"}}],"inLanguage":"es"},{"@type":"Organization","@id":"https:\/\/covermissouri.org\/#organization","name":"Cover Missouri","url":"https:\/\/covermissouri.org\/","logo":{"@type":"ImageObject","inLanguage":"es","@id":"https:\/\/covermissouri.org\/#\/schema\/logo\/image\/","url":"https:\/\/covermissouri.org\/wp-content\/uploads\/2023\/11\/cover-missouri-logo.webp","contentUrl":"https:\/\/covermissouri.org\/wp-content\/uploads\/2023\/11\/cover-missouri-logo.webp","width":147,"height":92,"caption":"Cover Missouri"},"image":{"@id":"https:\/\/covermissouri.org\/#\/schema\/logo\/image\/"}}]}},"jetpack_sharing_enabled":true,"_links":{"self":[{"href":"https:\/\/covermissouri.org\/es\/wp-json\/wp\/v2\/pages\/5386","targetHints":{"allow":["GET"]}}],"collection":[{"href":"https:\/\/covermissouri.org\/es\/wp-json\/wp\/v2\/pages"}],"about":[{"href":"https:\/\/covermissouri.org\/es\/wp-json\/wp\/v2\/types\/page"}],"author":[{"embeddable":true,"href":"https:\/\/covermissouri.org\/es\/wp-json\/wp\/v2\/users\/13"}],"replies":[{"embeddable":true,"href":"https:\/\/covermissouri.org\/es\/wp-json\/wp\/v2\/comments?post=5386"}],"version-history":[{"count":0,"href":"https:\/\/covermissouri.org\/es\/wp-json\/wp\/v2\/pages\/5386\/revisions"}],"wp:attachment":[{"href":"https:\/\/covermissouri.org\/es\/wp-json\/wp\/v2\/media?parent=5386"}],"curies":[{"name":"wp","href":"https:\/\/api.w.org\/{rel}","templated":true}]}}