{"id":5388,"date":"2023-11-20T01:04:49","date_gmt":"2023-11-20T01:04:49","guid":{"rendered":"https:\/\/covermissouri.org\/?page_id=5388"},"modified":"2023-12-20T16:48:24","modified_gmt":"2023-12-20T16:48:24","slug":"accessibility-statement","status":"publish","type":"page","link":"https:\/\/covermissouri.org\/es\/accessibility-statement\/","title":{"rendered":"Declaraci\u00f3n de accesibilidad"},"content":{"rendered":"<h1 class=\"wp-block-post-title has-x-large-font-size\">Declaraci\u00f3n de accesibilidad<\/h1>\n\n\n<p>Creemos que todo el mundo debe tener el mismo acceso a la tecnolog\u00eda. Nos esforzamos por seguir los principios rectores establecidos en las\u00a0<a href=\"https:\/\/www.w3.org\/TR\/WCAG21\/\" target=\"_blank\" rel=\"noreferrer noopener\">Pautas de Accesibilidad al Contenido en la Web (WCAG) 2.1 del Consorcio World Wide Web<\/a>\u00a0para cumplir con las normas de accesibilidad de nivel AA. Esto ayuda a garantizar que covermissouri.org sea accesible para usuarios de todos los niveles de habilidad.<\/p>\n\n\n\n<p>Entendemos que estas normas pueden cambiar y\/o evolucionar con el tiempo. Como parte de nuestro compromiso permanente con la accesibilidad, seguiremos dedicando recursos a las actualizaciones de accesibilidad para garantizar la igualdad de acceso para todos.<\/p>\n\n\n\n<p>Hemos hecho p\u00fablica nuestra declaraci\u00f3n de accesibilidad para ofrecer informaci\u00f3n y transparencia al respecto. Si encuentra alg\u00fan problema de accesibilidad en nuestro sitio o si tiene alguna sugerencia acerca de c\u00f3mo podemos mejorarla, le animamos a que nos contacte a trav\u00e9s de&nbsp;<a href=\"mailto:info@mffh.org\">info@mffh.org<\/a>&nbsp;para que podamos hacer los ajustes necesarios.<\/p>\n\n\n\n<p>En particular, si tiene dificultades para acceder a la informaci\u00f3n de este sitio debido a una discapacidad o cuando usa tecnolog\u00eda de asistencia, incluyendo los lectores de pantalla, dispositivos de seguimiento ocular o software de reconocimiento de voz, h\u00e1ganoslo saber.<\/p>\n\n\n\n<p>Para ayudarnos a que nuestros esfuerzos sean mejores al llevar a cabo su solicitud, por favor, incluya en su mensaje:<\/p>\n\n\n\n<ul class=\"wp-block-list\">\n<li>Una breve descripci\u00f3n del problema de\u00a0<a href=\"https:\/\/matchboxdesigngroup.com\/blog\/website-accessibility-and-ada-compliance-2022-guide\/\" target=\"_blank\" rel=\"noreferrer noopener\">accesibilidad<\/a>\u00a0que has encontrado.<\/li>\n\n\n\n<li>La URL de la p\u00e1gina en la cual se encontr\u00f3 el problema de accesibilidad.<\/li>\n\n\n\n<li>Sus datos de contacto para que podamos hacerle preguntas de seguimiento y proporcionarle informaci\u00f3n actualizada acerca del estado de la cuesti\u00f3n.<\/li>\n<\/ul>\n\n\n\n<p>Le contactaremos lo antes posible para confirmarle que hemos recibido su o sus solicitudes y los pasos que se est\u00e1n dando para resolverlas. Le agradecemos su tiempo y su paciencia.<\/p>","protected":false},"excerpt":{"rendered":"<p>We believe that everyone should have equal access to technology. We strive to follow the guiding principles laid out in the\u00a0World Wide Web Consortium\u2019s Web Content Accessibility Guidelines (WCAG) 2.1\u00a0to meet level AA standards of accessibility. This helps ensure that covermissouri.org is accessible to users of all ability levels. We understand that these standards may [&hellip;]<\/p>\n","protected":false},"author":13,"featured_media":0,"parent":0,"menu_order":0,"comment_status":"closed","ping_status":"closed","template":"","meta":{"_acf_changed":false,"footnotes":""},"class_list":["post-5388","page","type-page","status-publish","hentry"],"acf":[],"yoast_head":"<!-- This site is optimized with the Yoast SEO plugin v27.4 - https:\/\/yoast.com\/product\/yoast-seo-wordpress\/ -->\n<title>Accessibility Statement - Cover Missouri<\/title>\n<meta name=\"robots\" content=\"index, follow, max-snippet:-1, max-image-preview:large, max-video-preview:-1\" \/>\n<link rel=\"canonical\" href=\"https:\/\/covermissouri.org\/es\/accessibility-statement\/\" \/>\n<meta property=\"og:locale\" content=\"es_MX\" \/>\n<meta property=\"og:type\" content=\"article\" \/>\n<meta property=\"og:title\" content=\"Accessibility Statement - Cover Missouri\" \/>\n<meta property=\"og:description\" content=\"We believe that everyone should have equal access to technology. We strive to follow the guiding principles laid out in the\u00a0World Wide Web Consortium\u2019s Web Content Accessibility Guidelines (WCAG) 2.1\u00a0to meet level AA standards of accessibility. This helps ensure that covermissouri.org is accessible to users of all ability levels. We understand that these standards may [&hellip;]\" \/>\n<meta property=\"og:url\" content=\"https:\/\/covermissouri.org\/es\/accessibility-statement\/\" \/>\n<meta property=\"og:site_name\" content=\"Cover Missouri\" \/>\n<meta property=\"article:modified_time\" content=\"2023-12-20T16:48:24+00:00\" \/>\n<meta property=\"og:image\" content=\"https:\/\/covermissouri.org\/wp-content\/uploads\/2021\/09\/CoverMO_rura_family.jpg\" \/>\n\t<meta property=\"og:image:width\" content=\"2560\" \/>\n\t<meta property=\"og:image:height\" content=\"1301\" \/>\n\t<meta property=\"og:image:type\" content=\"image\/jpeg\" \/>\n<meta name=\"twitter:card\" content=\"summary_large_image\" \/>\n<meta name=\"twitter:label1\" content=\"Tiempo de lectura\" \/>\n\t<meta name=\"twitter:data1\" content=\"1 minuto\" \/>\n<script type=\"application\/ld+json\" class=\"yoast-schema-graph\">{\"@context\":\"https:\\\/\\\/schema.org\",\"@graph\":[{\"@type\":\"WebPage\",\"@id\":\"https:\\\/\\\/covermissouri.org\\\/accessibility-statement\\\/\",\"url\":\"https:\\\/\\\/covermissouri.org\\\/accessibility-statement\\\/\",\"name\":\"Accessibility Statement - Cover Missouri\",\"isPartOf\":{\"@id\":\"https:\\\/\\\/covermissouri.org\\\/#website\"},\"datePublished\":\"2023-11-20T01:04:49+00:00\",\"dateModified\":\"2023-12-20T16:48:24+00:00\",\"breadcrumb\":{\"@id\":\"https:\\\/\\\/covermissouri.org\\\/accessibility-statement\\\/#breadcrumb\"},\"inLanguage\":\"es\",\"potentialAction\":[{\"@type\":\"ReadAction\",\"target\":[\"https:\\\/\\\/covermissouri.org\\\/accessibility-statement\\\/\"]}]},{\"@type\":\"BreadcrumbList\",\"@id\":\"https:\\\/\\\/covermissouri.org\\\/accessibility-statement\\\/#breadcrumb\",\"itemListElement\":[{\"@type\":\"ListItem\",\"position\":1,\"name\":\"Home\",\"item\":\"https:\\\/\\\/covermissouri.org\\\/\"},{\"@type\":\"ListItem\",\"position\":2,\"name\":\"Accessibility Statement\"}]},{\"@type\":\"WebSite\",\"@id\":\"https:\\\/\\\/covermissouri.org\\\/#website\",\"url\":\"https:\\\/\\\/covermissouri.org\\\/\",\"name\":\"Cover Missouri\",\"description\":\"Cover Missouri helps Missourians get, keep, and use their health coverage.\",\"publisher\":{\"@id\":\"https:\\\/\\\/covermissouri.org\\\/#organization\"},\"potentialAction\":[{\"@type\":\"SearchAction\",\"target\":{\"@type\":\"EntryPoint\",\"urlTemplate\":\"https:\\\/\\\/covermissouri.org\\\/?s={search_term_string}\"},\"query-input\":{\"@type\":\"PropertyValueSpecification\",\"valueRequired\":true,\"valueName\":\"search_term_string\"}}],\"inLanguage\":\"es\"},{\"@type\":\"Organization\",\"@id\":\"https:\\\/\\\/covermissouri.org\\\/#organization\",\"name\":\"Cover Missouri\",\"url\":\"https:\\\/\\\/covermissouri.org\\\/\",\"logo\":{\"@type\":\"ImageObject\",\"inLanguage\":\"es\",\"@id\":\"https:\\\/\\\/covermissouri.org\\\/#\\\/schema\\\/logo\\\/image\\\/\",\"url\":\"https:\\\/\\\/covermissouri.org\\\/wp-content\\\/uploads\\\/2023\\\/11\\\/cover-missouri-logo.webp\",\"contentUrl\":\"https:\\\/\\\/covermissouri.org\\\/wp-content\\\/uploads\\\/2023\\\/11\\\/cover-missouri-logo.webp\",\"width\":147,\"height\":92,\"caption\":\"Cover Missouri\"},\"image\":{\"@id\":\"https:\\\/\\\/covermissouri.org\\\/#\\\/schema\\\/logo\\\/image\\\/\"}}]}<\/script>\n<!-- \/ Yoast SEO plugin. -->","yoast_head_json":{"title":"Accessibility Statement - Cover Missouri","robots":{"index":"index","follow":"follow","max-snippet":"max-snippet:-1","max-image-preview":"max-image-preview:large","max-video-preview":"max-video-preview:-1"},"canonical":"https:\/\/covermissouri.org\/es\/accessibility-statement\/","og_locale":"es_MX","og_type":"article","og_title":"Accessibility Statement - Cover Missouri","og_description":"We believe that everyone should have equal access to technology. We strive to follow the guiding principles laid out in the\u00a0World Wide Web Consortium\u2019s Web Content Accessibility Guidelines (WCAG) 2.1\u00a0to meet level AA standards of accessibility. This helps ensure that covermissouri.org is accessible to users of all ability levels. We understand that these standards may [&hellip;]","og_url":"https:\/\/covermissouri.org\/es\/accessibility-statement\/","og_site_name":"Cover Missouri","article_modified_time":"2023-12-20T16:48:24+00:00","og_image":[{"width":2560,"height":1301,"url":"https:\/\/covermissouri.org\/wp-content\/uploads\/2021\/09\/CoverMO_rura_family.jpg","type":"image\/jpeg"}],"twitter_card":"summary_large_image","twitter_misc":{"Tiempo de lectura":"1 minuto"},"schema":{"@context":"https:\/\/schema.org","@graph":[{"@type":"WebPage","@id":"https:\/\/covermissouri.org\/accessibility-statement\/","url":"https:\/\/covermissouri.org\/accessibility-statement\/","name":"Accessibility Statement - Cover Missouri","isPartOf":{"@id":"https:\/\/covermissouri.org\/#website"},"datePublished":"2023-11-20T01:04:49+00:00","dateModified":"2023-12-20T16:48:24+00:00","breadcrumb":{"@id":"https:\/\/covermissouri.org\/accessibility-statement\/#breadcrumb"},"inLanguage":"es","potentialAction":[{"@type":"ReadAction","target":["https:\/\/covermissouri.org\/accessibility-statement\/"]}]},{"@type":"BreadcrumbList","@id":"https:\/\/covermissouri.org\/accessibility-statement\/#breadcrumb","itemListElement":[{"@type":"ListItem","position":1,"name":"Home","item":"https:\/\/covermissouri.org\/"},{"@type":"ListItem","position":2,"name":"Accessibility Statement"}]},{"@type":"WebSite","@id":"https:\/\/covermissouri.org\/#website","url":"https:\/\/covermissouri.org\/","name":"Cover Missouri","description":"Cover Missouri ayuda a los habitantes de Missouri a obtener, mantener y usar su cobertura sanitaria.","publisher":{"@id":"https:\/\/covermissouri.org\/#organization"},"potentialAction":[{"@type":"SearchAction","target":{"@type":"EntryPoint","urlTemplate":"https:\/\/covermissouri.org\/?s={search_term_string}"},"query-input":{"@type":"PropertyValueSpecification","valueRequired":true,"valueName":"search_term_string"}}],"inLanguage":"es"},{"@type":"Organization","@id":"https:\/\/covermissouri.org\/#organization","name":"Cover Missouri","url":"https:\/\/covermissouri.org\/","logo":{"@type":"ImageObject","inLanguage":"es","@id":"https:\/\/covermissouri.org\/#\/schema\/logo\/image\/","url":"https:\/\/covermissouri.org\/wp-content\/uploads\/2023\/11\/cover-missouri-logo.webp","contentUrl":"https:\/\/covermissouri.org\/wp-content\/uploads\/2023\/11\/cover-missouri-logo.webp","width":147,"height":92,"caption":"Cover Missouri"},"image":{"@id":"https:\/\/covermissouri.org\/#\/schema\/logo\/image\/"}}]}},"jetpack_sharing_enabled":true,"_links":{"self":[{"href":"https:\/\/covermissouri.org\/es\/wp-json\/wp\/v2\/pages\/5388","targetHints":{"allow":["GET"]}}],"collection":[{"href":"https:\/\/covermissouri.org\/es\/wp-json\/wp\/v2\/pages"}],"about":[{"href":"https:\/\/covermissouri.org\/es\/wp-json\/wp\/v2\/types\/page"}],"author":[{"embeddable":true,"href":"https:\/\/covermissouri.org\/es\/wp-json\/wp\/v2\/users\/13"}],"replies":[{"embeddable":true,"href":"https:\/\/covermissouri.org\/es\/wp-json\/wp\/v2\/comments?post=5388"}],"version-history":[{"count":0,"href":"https:\/\/covermissouri.org\/es\/wp-json\/wp\/v2\/pages\/5388\/revisions"}],"wp:attachment":[{"href":"https:\/\/covermissouri.org\/es\/wp-json\/wp\/v2\/media?parent=5388"}],"curies":[{"name":"wp","href":"https:\/\/api.w.org\/{rel}","templated":true}]}}